{"id":83,"date":"2016-05-26T20:50:37","date_gmt":"2016-05-26T18:50:37","guid":{"rendered":"http:\/\/compagnons-codeurs.com\/?page_id=83"},"modified":"2017-06-29T19:11:18","modified_gmt":"2017-06-29T17:11:18","slug":"collectifs-developpeurs-vba","status":"publish","type":"page","link":"https:\/\/compagnons-codeurs.com\/?page_id=83","title":{"rendered":"La Compagnie !"},"content":{"rendered":"<p>Ce site est le site d&rsquo;un <strong>collectif de professionnels du d\u00e9veloppement (VBA, .NET, AngularJS, PHP), <\/strong>entour\u00e9s de talents compl\u00e9mentaires et essentiels pour r\u00e9aliser des produits toujours plus soign\u00e9s : MySQL, R\u00e9seau, h\u00e9bergement, graphisme, vid\u00e9o&#8230;<\/p>\n<p>La gamme d&rsquo;outils bureautique de Microsoft, avec ses produits phares que sont <strong>Excel, Word et Access<\/strong>, est utilis\u00e9e par une grande majorit\u00e9 des artisans et PME pour le quotidien. Ces outils sont tr\u00e8s efficaces, tant et si bien qu&rsquo;une tr\u00e8s grande majorit\u00e9 des entreprises souhaitent conserver les outils qu&rsquo;ils ont eux-m\u00eame mis en place. Nous intervenons pour consolider l&rsquo;existant, transcrire en programmation ce qui a \u00e9t\u00e9 d\u00e9j\u00e0 esquiss\u00e9.<\/p>\n<p>Nous accompagnons \u00e9galement les clients dans leur d\u00e9marche de d\u00e9finition de leurs besoin, construisant avec eux les sp\u00e9cifications. La confrontation des <strong>objectifs du client<\/strong> avec <strong>l&rsquo;exp\u00e9rience de nos professionnels<\/strong> permet de produire rapidement un r\u00e9sultat concret.<\/p>\n<p>. Partant de ce constat, Yves LE MASSON a cr\u00e9\u00e9 sa soci\u00e9t\u00e9 en 2001 pour aller au devant des soci\u00e9t\u00e9s de toute t<img fetchpriority=\"high\" decoding=\"async\" class=\"size-medium wp-image-220 alignleft\" src=\"http:\/\/compagnons-codeurs.com\/wp-content\/uploads\/2016\/05\/Fotolia_110757104_XS-300x200.jpg\" alt=\"731425\" width=\"300\" height=\"200\" srcset=\"https:\/\/compagnons-codeurs.com\/wp-content\/uploads\/2016\/05\/Fotolia_110757104_XS-300x200.jpg 300w, https:\/\/compagnons-codeurs.com\/wp-content\/uploads\/2016\/05\/Fotolia_110757104_XS.jpg 424w\" sizes=\"(max-width: 300px) 100vw, 300px\" \/>aille, et de tous horizons. Il a d\u00e9couvert combien Excel, et dans une moindre mesure Access, r\u00e9solvaient \u00e0 moindre co\u00fbt la plupart des probl\u00e9matiques des entrepreneurs : <strong><span style=\"background-color: #00ccff;\">suivi d&rsquo;activit\u00e9,<\/span> <span style=\"background-color: #ffff00;\">gestion commerciale,<\/span> <span style=\"background-color: #00ff00;\">gestion du temps,<\/span> <span style=\"color: #ffffff; background-color: #ff0000;\">facturation,<\/span> <span style=\"background-color: #cc99ff;\">tra\u00e7abilit\u00e9..<\/span><\/strong><\/p>\n<p>La valeur ajout\u00e9e d&rsquo;un d\u00e9veloppeur se tient dans la compr\u00e9hension et le respect qu&rsquo;il a de la philosophie et du m\u00e9tier de son client. Yves a repris ou cr\u00e9\u00e9 de toute pi\u00e8ce des centaines d&rsquo;application, en exploitant toute la richesse de la suite Ms Office.<\/p>\n<p>D\u00e9sormais riche d&rsquo;une exp\u00e9rience technique et humaine de quinze ans, il monte ce collectif pour faire partager son optique avec d&rsquo;autres professionnels en d\u00e9veloppement bureautique.<\/p>\n","protected":false},"excerpt":{"rendered":"<p>Ce site est le site d&rsquo;un collectif de professionnels du d\u00e9veloppement (VBA, .NET, AngularJS, PHP), entour\u00e9s de talents compl\u00e9mentaires et essentiels pour r\u00e9aliser des produits toujours plus soign\u00e9s : MySQL, R\u00e9seau, h\u00e9bergement, graphisme, vid\u00e9o&#8230; La gamme d&rsquo;outils bureautique de Microsoft, [&hellip;]<\/p>\n","protected":false},"author":1,"featured_media":0,"parent":0,"menu_order":0,"comment_status":"closed","ping_status":"closed","template":"","meta":{"_exactmetrics_skip_tracking":false,"_exactmetrics_sitenote_active":false,"_exactmetrics_sitenote_note":"","_exactmetrics_sitenote_category":0,"_monsterinsights_skip_tracking":false,"_monsterinsights_sitenote_active":false,"_monsterinsights_sitenote_note":"","_monsterinsights_sitenote_category":0,"footnotes":""},"class_list":["post-83","page","type-page","status-publish","hentry","clearfix"],"aioseo_notices":[],"_links":{"self":[{"href":"https:\/\/compagnons-codeurs.com\/index.php?rest_route=\/wp\/v2\/pages\/83"}],"collection":[{"href":"https:\/\/compagnons-codeurs.com\/index.php?rest_route=\/wp\/v2\/pages"}],"about":[{"href":"https:\/\/compagnons-codeurs.com\/index.php?rest_route=\/wp\/v2\/types\/page"}],"author":[{"embeddable":true,"href":"https:\/\/compagnons-codeurs.com\/index.php?rest_route=\/wp\/v2\/users\/1"}],"replies":[{"embeddable":true,"href":"https:\/\/compagnons-codeurs.com\/index.php?rest_route=%2Fwp%2Fv2%2Fcomments&post=83"}],"version-history":[{"count":0,"href":"https:\/\/compagnons-codeurs.com\/index.php?rest_route=\/wp\/v2\/pages\/83\/revisions"}],"wp:attachment":[{"href":"https:\/\/compagnons-codeurs.com\/index.php?rest_route=%2Fwp%2Fv2%2Fmedia&parent=83"}],"curies":[{"name":"wp","href":"https:\/\/api.w.org\/{rel}","templated":true}]}}