{"id":606,"date":"2021-06-30T11:41:53","date_gmt":"2021-06-30T09:41:53","guid":{"rendered":"https:\/\/compagnons-codeurs.com\/?page_id=606"},"modified":"2021-06-30T11:52:04","modified_gmt":"2021-06-30T09:52:04","slug":"les_compagnons","status":"publish","type":"page","link":"https:\/\/compagnons-codeurs.com\/?page_id=606","title":{"rendered":""},"content":{"rendered":"\n<div class=\"wp-block-group\"><div class=\"wp-block-group__inner-container is-layout-flow wp-block-group-is-layout-flow\">\n<div style=\"display: flow-root;\">\n<h2 style=\"float: left; margin-top: 10px;\">Les Compagnons<\/h2>\n<label style=\"float: right;\"> <span class=\"screen-reader-text\">Rechercher&nbsp;:<\/span> <input id=\"codeurs_search_input\" class=\"search-field\" type=\"search\" value=\"\" placeholder=\"Rechercher\u2026\"> <\/label><\/div>\n<\/div><\/div>\n\n\n\n<style id=\"sp_pcp_dynamic_style612\">#pcp_wrapper-612:not(.sps-glossary-layout) .sp-pcp-row,#pcp_wrapper-612 .sps-glossary-items-group .sps-glossary-items-content {margin-right: -10px;margin-left: -10px;}#pcp_wrapper-612 .sp-pcp-row [class*='sp-pcp-col-']{padding-right: 10px;padding-left: 10px; padding-bottom:20px;}.pcp-wrapper-612 .sp-pcp-title a {color: rgba(10,10,10,0.73);display: inherit;} .pcp-wrapper-612 .sp-pcp-title a:hover {color: #e1624b;}.pcp-wrapper-612 .sp-pcp-post-content{color: #444; }#pcp_wrapper-612 .sp-pcp-post {padding: 0 0 0 0;}#pcp_wrapper-612.sp-slider_layout .sp-pcp-post .sp-pcp-post-details {top: 0; right:0; bottom:0; left:0;}#pcp_wrapper-612 .sp-pcp-post {border: 0px solid #e2e2e2; border-radius: 3px }#pcp_wrapper-612 .sp-pcp-post{background-color: transparent;}#pcp_wrapper-612 .pcp-post-thumb-wrapper{border: 0px solid #dddddd;border-radius:0px;}.pcp-wrapper-612 .sp-pcp-post-meta li,.pcp-wrapper-612 .sp-pcp-post-meta ul,.pcp-wrapper-612 .sp-pcp-post-meta li a{color: #888;}.pcp-wrapper-612 .sp-pcp-post-meta li a:hover{color: #e1624b;}@media (min-width: 1200px) {.sp-pcp-row .sp-pcp-col-xl-1 {flex: 0 0 100%;}.sp-pcp-row .sp-pcp-col-xl-2 {flex: 1 1 calc( 50% - 20px);}.sp-pcp-row .sp-pcp-col-xl-3 {flex: 1 1 calc( 33.333% - 20px);}.sp-pcp-row .sp-pcp-col-xl-4 {flex: 1 1 calc( 25% - 20px);}.sp-pcp-row .sp-pcp-col-xl-5 { flex: 1 1 calc( 20% - 20px);}.sp-pcp-row .sp-pcp-col-xl-6 {flex: 1 1 calc( 16.66666666666667% - 20px);}.sp-pcp-row .sp-pcp-col-xl-7 {flex: 1 1 calc( 14.28571428% - 20px);}.sp-pcp-row .sp-pcp-col-xl-8 {flex: 1 1 calc( 12.5% - 20px);}}@media (max-width: 1200px) {.sp-pcp-row .sp-pcp-col-lg-1 {flex: 0 0 100%;}.sp-pcp-row .sp-pcp-col-lg-2 {flex: 1 1 calc( 50% - 20px);}.sp-pcp-row .sp-pcp-col-lg-3 {flex: 1 1 calc( 33.333% - 20px);}.sp-pcp-row .sp-pcp-col-lg-4 {flex: 1 1 calc( 25% - 20px);}.sp-pcp-row .sp-pcp-col-lg-5 { flex: 1 1 calc( 20% - 20px);}.sp-pcp-row .sp-pcp-col-lg-6 {flex: 1 1 calc( 16.66666666666667% - 20px);}.sp-pcp-row .sp-pcp-col-lg-7 {flex: 1 1 calc( 14.28571428% - 20px);}.sp-pcp-row .sp-pcp-col-lg-8 {flex: 1 1 calc( 12.5% - 20px);}}@media (max-width: 992px) {.sp-pcp-row .sp-pcp-col-md-1 {flex: 0 0 100%;}.sp-pcp-row .sp-pcp-col-md-2 {flex: 1 1 calc( 50% - 20px);}.sp-pcp-row .sp-pcp-col-md-2-5 {flex: 0 0 75%;}.sp-pcp-row .sp-pcp-col-md-3 {flex: 1 1 calc( 33.333% - 20px);}.sp-pcp-row .sp-pcp-col-md-4 {flex: 1 1 calc( 25% - 20px);}.sp-pcp-row .sp-pcp-col-md-5 { flex: 1 1 calc( 20% - 20px);}.sp-pcp-row .sp-pcp-col-md-6 {flex: 1 1 calc( 16.66666666666667% - 20px);}.sp-pcp-row .sp-pcp-col-md-7 {flex: 1 1 calc( 14.28571428% - 20px);}.sp-pcp-row .sp-pcp-col-md-8 {flex: 1 1 calc( 12.5% - 20px);}}@media (max-width: 768px) {.sp-pcp-row .sp-pcp-col-sm-1 {flex: 0 0 100%;}.sp-pcp-row .sp-pcp-col-sm-2 {flex: 1 1 calc( 50% - 20px);}.sp-pcp-row .sp-pcp-col-sm-2-5 {flex: 0 0 75%;}.sp-pcp-row .sp-pcp-col-sm-3 {flex: 1 1 calc( 33.333% - 20px);}.sp-pcp-row .sp-pcp-col-sm-4 {flex: 1 1 calc( 25% - 20px);}.sp-pcp-row .sp-pcp-col-sm-5 { flex: 1 1 calc( 20% - 20px);}.sp-pcp-row .sp-pcp-col-sm-6 {flex: 1 1 calc( 16.66666666666667% - 20px);}.sp-pcp-row .sp-pcp-col-sm-7 {flex: 1 1 calc( 14.28571428% - 20px);}.sp-pcp-row .sp-pcp-col-sm-8 {flex: 1 1 calc( 12.5% - 20px);}}@media (max-width: 420px) {.sp-pcp-row .sp-pcp-col-xs-1 {flex: 0 0 100%;}.sp-pcp-row .sp-pcp-col-xs-2 {flex: 1 1 calc( 50% - 20px);}.sp-pcp-row .sp-pcp-col-xs-3 {flex: 1 1 calc( 33.333% - 20px);}.sp-pcp-row .sp-pcp-col-xs-4 {flex: 1 1 calc( 25% - 20px);}.sp-pcp-row .sp-pcp-col-xs-5 { flex: 1 1 calc( 20% - 20px);}.sp-pcp-row .sp-pcp-col-xs-6 {flex: 1 1 calc( 16.66666666666667% - 20px);}.sp-pcp-row .sp-pcp-col-xs-7 {flex: 1 1 calc( 14.28571428% - 20px);}.sp-pcp-row .sp-pcp-col-xs-8 {flex: 1 1 calc( 12.5% - 20px);}}.sp-pcp-post-content { display: none; }.sp-pcp-post .sp-pcp-post-thumb-area img { min-width: 100%; }.entry .entry-content .sp-pcp-section a, .sp-pcp-section a {width: 100%; height: 100%; display: block; }<\/style>\n<div id=\"pcp_wrapper-612\" class=\"sp-pcp-section sp-pcp-container pcp-wrapper-612\">\n<div id=\"pcp-preloader\" class=\"pcp-preloader\"><\/div>\n\t\t<div class=\"sp-pcp-row\">\n\t\t\t\t<div class=\" sp-pcp-col-xs-1 sp-pcp-col-sm-2 sp-pcp-col-md-2 sp-pcp-col-lg-3 sp-pcp-col-xl-3\">\n\t\t\t\t\t\t<div class=\"sp-pcp-post pcp-item-230\" data-id=\"230\">\n\t\t\t\t\t\t\t\t<div class=\"pcp-post-thumb-wrapper\">\n\t\t\t\t\t<div class=\"sp-pcp-post-thumb-area\">\n\t\t\t\t\t\t\t\t\t\t\t\t<a class=\"sp-pcp-thumb\" href=\"https:\/\/compagnons-codeurs.com\/?p=230\" target=\"_self\" rel=nofollow>\n\t\t\t\t\t\t\t\t\t\t\t\t\t<img fetchpriority=\"high\" decoding=\"async\" src=\"https:\/\/compagnons-codeurs.com\/wp-content\/uploads\/2016\/08\/117644032_618460402421807_1028878639106121139_n.jpg\" width=\"1440\" height=\"1080\" alt=\"\">\n\t\t\t\t\t\t<\/a>\n\t\t\t\t\t<\/div>\n\t\t\t\t<\/div>\n\t\t\t\t\t\t\t<h2 class=\"sp-pcp-title\">\n\t\t\t\t\t\t\t\t\t<a href=\"https:\/\/compagnons-codeurs.com\/?p=230\" rel=nofollow target=\"_self\">Yves LE MASSON<\/a>\t\t\t\t\t\t\t<\/h2>\n\t\t\t\t\t\t<div class=\"sp-pcp-post-content\">\n\t\t\t<p>Yves LE MASSON a d\u00e9but\u00e9 sa carri\u00e8re dans les ann\u00e9es 1990, au sein du groupe BNP PARIBAS. Analyste programmeur dans le service recherche et audit de la B.A.I.I., il rejoint la soci\u00e9t\u00e9 PrimeCorp Finance comme chef de projet et responsable DSI en 1998. Il se lance dans l'aventure de l'entreprenariat en janvier 2000, d'abord en tant qu'ind\u00e9pendant, puis g\u00e9rant de\u00a0la soci\u00e9t\u00e9 <em>YLM Conseil<\/em> en 2001.\u00a0Cr\u00e9atif, touch\u00e9 par\u00a0le sort fait aux TPE et PPME en France, et le d\u00e9sert num\u00e9rique qui s\u00e9vit encore, Yves r\u00e9alise des applications ou briques sp\u00e9cifiques dans les domaines de la gestion, du suivi d'affaire et de la tra\u00e7abilit\u00e9. Il accompagne les entrepreneurs, les guide, restaure le lien entre l'informatique et l'entreprise. En 2016, il con\u00e7oit ce site, \u00e0 la fois pour officialiser son engagement, mais \u00e9galement pour f\u00e9d\u00e9rer d'autres professionnels.<\/p>\n\t\t<\/div>\n\t\t\t\t\t\t<\/div>\n\t\t\t\t\t<\/div>\n\t\t\t\t<div class=\" sp-pcp-col-xs-1 sp-pcp-col-sm-2 sp-pcp-col-md-2 sp-pcp-col-lg-3 sp-pcp-col-xl-3\">\n\t\t\t\t\t\t<div class=\"sp-pcp-post pcp-item-266\" data-id=\"266\">\n\t\t\t\t\t\t\t\t<div class=\"pcp-post-thumb-wrapper\">\n\t\t\t\t\t<div class=\"sp-pcp-post-thumb-area\">\n\t\t\t\t\t\t\t\t\t\t\t\t<a class=\"sp-pcp-thumb\" href=\"https:\/\/compagnons-codeurs.com\/?p=266\" target=\"_self\" rel=nofollow>\n\t\t\t\t\t\t\t\t\t\t\t\t\t<img decoding=\"async\" src=\"https:\/\/compagnons-codeurs.com\/wp-content\/uploads\/2021\/07\/photo_2021-02-01_13-12-59-e1625147176164.jpg\" width=\"1129\" height=\"1129\" alt=\"\">\n\t\t\t\t\t\t<\/a>\n\t\t\t\t\t<\/div>\n\t\t\t\t<\/div>\n\t\t\t\t\t\t\t<h2 class=\"sp-pcp-title\">\n\t\t\t\t\t\t\t\t\t<a href=\"https:\/\/compagnons-codeurs.com\/?p=266\" rel=nofollow target=\"_self\">Arthur SEMANKIV<\/a>\t\t\t\t\t\t\t<\/h2>\n\t\t\t\t\t\t<div class=\"sp-pcp-post-content\">\n\t\t\t<p>Sorti en 2013 de l'Universit\u00e9 Europ\u00e9enne de Kiev avec un dipl\u00f4me d'ing\u00e9nieur logiciel, Arthur poss\u00e8de une solide exp\u00e9rience de six ans en tant freelance sur divers projets Web. Codeur de qualit\u00e9, il rejoint les compagnons en 2017 sur des projets essentiellement Angular et Wordpress<\/p>\n<p>Ses qualifications\u00a0:<\/p>\n<p>PHP \/ JavaScript \/ C# \/ CSS \/ MySQL \/ MongoDB<br \/>\nPlateformes et frameworks: AngularJS \/ Yii \/ NodeJS \/ MeteorJS \/ WordPress \/ Joomla<br \/>\nFrameworks CSS : Angular Material \/ Bootstrap<br \/>\nD\u00e9veloppement mobile : Apache Cordova<\/p>\n\t\t<\/div>\n\t\t\t\t\t\t<\/div>\n\t\t\t\t\t<\/div>\n\t\t\t<\/div>\n\t<\/div>\n\n","protected":false},"excerpt":{"rendered":"<p>Les Compagnons Rechercher&nbsp;:<\/p>\n","protected":false},"author":1,"featured_media":0,"parent":0,"menu_order":0,"comment_status":"closed","ping_status":"closed","template":"page-templates\/page_fullwidth.php","meta":{"_exactmetrics_skip_tracking":false,"_exactmetrics_sitenote_active":false,"_exactmetrics_sitenote_note":"","_exactmetrics_sitenote_category":0,"_monsterinsights_skip_tracking":false,"_monsterinsights_sitenote_active":false,"_monsterinsights_sitenote_note":"","_monsterinsights_sitenote_category":0,"footnotes":""},"class_list":["post-606","page","type-page","status-publish","hentry","clearfix"],"aioseo_notices":[],"_links":{"self":[{"href":"https:\/\/compagnons-codeurs.com\/index.php?rest_route=\/wp\/v2\/pages\/606"}],"collection":[{"href":"https:\/\/compagnons-codeurs.com\/index.php?rest_route=\/wp\/v2\/pages"}],"about":[{"href":"https:\/\/compagnons-codeurs.com\/index.php?rest_route=\/wp\/v2\/types\/page"}],"author":[{"embeddable":true,"href":"https:\/\/compagnons-codeurs.com\/index.php?rest_route=\/wp\/v2\/users\/1"}],"replies":[{"embeddable":true,"href":"https:\/\/compagnons-codeurs.com\/index.php?rest_route=%2Fwp%2Fv2%2Fcomments&post=606"}],"version-history":[{"count":28,"href":"https:\/\/compagnons-codeurs.com\/index.php?rest_route=\/wp\/v2\/pages\/606\/revisions"}],"predecessor-version":[{"id":638,"href":"https:\/\/compagnons-codeurs.com\/index.php?rest_route=\/wp\/v2\/pages\/606\/revisions\/638"}],"wp:attachment":[{"href":"https:\/\/compagnons-codeurs.com\/index.php?rest_route=%2Fwp%2Fv2%2Fmedia&parent=606"}],"curies":[{"name":"wp","href":"https:\/\/api.w.org\/{rel}","templated":true}]}}