{"id":404,"date":"2016-02-16T16:03:19","date_gmt":"2016-02-16T16:03:19","guid":{"rendered":"http:\/\/demo.athemes.com\/astrid\/?page_id=226"},"modified":"2019-11-14T19:23:54","modified_gmt":"2019-11-14T18:23:54","slug":"service-1","status":"publish","type":"page","link":"https:\/\/compagnons-codeurs.com\/?page_id=404","title":{"rendered":"Formations"},"content":{"rendered":"<p><span style=\"font-weight: 400;\">Le collectif des compagnons fait b\u00e9n\u00e9ficier ses clients ou tous ceux qui le souhaitent de formations adapt\u00e9es de haut niveau sur Excel, Access et VBA. Utilisez vos droits CPF et DIF et d\u00e9velopper vos capacit\u00e9s d\u2019analyse budg\u00e9taires, comptables, RH, ou autre. <\/span><\/p>\n","protected":false},"excerpt":{"rendered":"<p>Le collectif des compagnons fait b\u00e9n\u00e9ficier ses clients ou tous ceux qui le souhaitent de formations adapt\u00e9es de haut niveau sur Excel, Access et VBA. Utilisez vos droits CPF et DIF et d\u00e9velopper vos capacit\u00e9s d\u2019analyse budg\u00e9taires, comptables, RH, ou [&hellip;]<\/p>\n","protected":false},"author":1,"featured_media":523,"parent":0,"menu_order":7,"comment_status":"closed","ping_status":"closed","template":"page-templates\/single-service.php","meta":{"_exactmetrics_skip_tracking":false,"_exactmetrics_sitenote_active":false,"_exactmetrics_sitenote_note":"","_exactmetrics_sitenote_category":0,"_monsterinsights_skip_tracking":false,"_monsterinsights_sitenote_active":false,"_monsterinsights_sitenote_note":"","_monsterinsights_sitenote_category":0,"footnotes":""},"class_list":["post-404","page","type-page","status-publish","has-post-thumbnail","hentry","clearfix"],"aioseo_notices":[],"_links":{"self":[{"href":"https:\/\/compagnons-codeurs.com\/index.php?rest_route=\/wp\/v2\/pages\/404"}],"collection":[{"href":"https:\/\/compagnons-codeurs.com\/index.php?rest_route=\/wp\/v2\/pages"}],"about":[{"href":"https:\/\/compagnons-codeurs.com\/index.php?rest_route=\/wp\/v2\/types\/page"}],"author":[{"embeddable":true,"href":"https:\/\/compagnons-codeurs.com\/index.php?rest_route=\/wp\/v2\/users\/1"}],"replies":[{"embeddable":true,"href":"https:\/\/compagnons-codeurs.com\/index.php?rest_route=%2Fwp%2Fv2%2Fcomments&post=404"}],"version-history":[{"count":0,"href":"https:\/\/compagnons-codeurs.com\/index.php?rest_route=\/wp\/v2\/pages\/404\/revisions"}],"wp:featuredmedia":[{"embeddable":true,"href":"https:\/\/compagnons-codeurs.com\/index.php?rest_route=\/wp\/v2\/media\/523"}],"wp:attachment":[{"href":"https:\/\/compagnons-codeurs.com\/index.php?rest_route=%2Fwp%2Fv2%2Fmedia&parent=404"}],"curies":[{"name":"wp","href":"https:\/\/api.w.org\/{rel}","templated":true}]}}