{"id":395,"date":"2016-02-16T15:09:09","date_gmt":"2016-02-16T15:09:09","guid":{"rendered":"http:\/\/demo.athemes.com\/astrid\/?page_id=118"},"modified":"2019-11-15T16:59:37","modified_gmt":"2019-11-15T15:59:37","slug":"pigment-rouge","status":"publish","type":"page","link":"https:\/\/compagnons-codeurs.com\/?page_id=395","title":{"rendered":"PIGMENT ROUGE"},"content":{"rendered":"\n<p>Pour la soci\u00e9t\u00e9 \u00ab\u00a0PIGMENT ROUGE\u00a0\u00bb, nous avons cr\u00e9\u00e9 un site de pr\u00e9sentation.<\/p>\n\n\n\n<div class=\"wp-block-button aligncenter\"><a class=\"wp-block-button__link\" href=\"http:\/\/pigmentrouge.com\"> Aller \u00e0 \u2026<\/a><\/div>\n","protected":false},"excerpt":{"rendered":"<p>Pour la soci\u00e9t\u00e9 \u00ab\u00a0PIGMENT ROUGE\u00a0\u00bb, nous avons cr\u00e9\u00e9 un site de pr\u00e9sentation.<\/p>\n","protected":false},"author":1,"featured_media":570,"parent":0,"menu_order":0,"comment_status":"closed","ping_status":"closed","template":"page-templates\/single-project.php","meta":{"_exactmetrics_skip_tracking":false,"_exactmetrics_sitenote_active":false,"_exactmetrics_sitenote_note":"","_exactmetrics_sitenote_category":0,"_monsterinsights_skip_tracking":false,"_monsterinsights_sitenote_active":false,"_monsterinsights_sitenote_note":"","_monsterinsights_sitenote_category":0,"footnotes":""},"class_list":["post-395","page","type-page","status-publish","has-post-thumbnail","hentry","clearfix"],"aioseo_notices":[],"_links":{"self":[{"href":"https:\/\/compagnons-codeurs.com\/index.php?rest_route=\/wp\/v2\/pages\/395"}],"collection":[{"href":"https:\/\/compagnons-codeurs.com\/index.php?rest_route=\/wp\/v2\/pages"}],"about":[{"href":"https:\/\/compagnons-codeurs.com\/index.php?rest_route=\/wp\/v2\/types\/page"}],"author":[{"embeddable":true,"href":"https:\/\/compagnons-codeurs.com\/index.php?rest_route=\/wp\/v2\/users\/1"}],"replies":[{"embeddable":true,"href":"https:\/\/compagnons-codeurs.com\/index.php?rest_route=%2Fwp%2Fv2%2Fcomments&post=395"}],"version-history":[{"count":0,"href":"https:\/\/compagnons-codeurs.com\/index.php?rest_route=\/wp\/v2\/pages\/395\/revisions"}],"wp:featuredmedia":[{"embeddable":true,"href":"https:\/\/compagnons-codeurs.com\/index.php?rest_route=\/wp\/v2\/media\/570"}],"wp:attachment":[{"href":"https:\/\/compagnons-codeurs.com\/index.php?rest_route=%2Fwp%2Fv2%2Fmedia&parent=395"}],"curies":[{"name":"wp","href":"https:\/\/api.w.org\/{rel}","templated":true}]}}