{"id":388,"date":"2016-02-16T14:42:52","date_gmt":"2016-02-16T14:42:52","guid":{"rendered":"http:\/\/demo.athemes.com\/astrid\/?page_id=100"},"modified":"2019-11-15T16:55:37","modified_gmt":"2019-11-15T15:55:37","slug":"af2i-enquete","status":"publish","type":"page","link":"https:\/\/compagnons-codeurs.com\/?page_id=388","title":{"rendered":"AF2I Enqu\u00eate"},"content":{"rendered":"\n<p>Pour la soci\u00e9t\u00e9 \u00ab\u00a0Association fran\u00e7aise des investisseurs institutionnels\u00a0\u00bb nous avons cr\u00e9\u00e9 des enqu\u00eates en ligne flexibles.<\/p>\n","protected":false},"excerpt":{"rendered":"<p>Pour la soci\u00e9t\u00e9 \u00ab\u00a0Association fran\u00e7aise des investisseurs institutionnels\u00a0\u00bb nous avons cr\u00e9\u00e9 des enqu\u00eates en ligne flexibles.<\/p>\n","protected":false},"author":1,"featured_media":564,"parent":0,"menu_order":0,"comment_status":"closed","ping_status":"closed","template":"page-templates\/single-project.php","meta":{"_exactmetrics_skip_tracking":false,"_exactmetrics_sitenote_active":false,"_exactmetrics_sitenote_note":"","_exactmetrics_sitenote_category":0,"_monsterinsights_skip_tracking":false,"_monsterinsights_sitenote_active":false,"_monsterinsights_sitenote_note":"","_monsterinsights_sitenote_category":0,"footnotes":""},"class_list":["post-388","page","type-page","status-publish","has-post-thumbnail","hentry","clearfix"],"aioseo_notices":[],"_links":{"self":[{"href":"https:\/\/compagnons-codeurs.com\/index.php?rest_route=\/wp\/v2\/pages\/388"}],"collection":[{"href":"https:\/\/compagnons-codeurs.com\/index.php?rest_route=\/wp\/v2\/pages"}],"about":[{"href":"https:\/\/compagnons-codeurs.com\/index.php?rest_route=\/wp\/v2\/types\/page"}],"author":[{"embeddable":true,"href":"https:\/\/compagnons-codeurs.com\/index.php?rest_route=\/wp\/v2\/users\/1"}],"replies":[{"embeddable":true,"href":"https:\/\/compagnons-codeurs.com\/index.php?rest_route=%2Fwp%2Fv2%2Fcomments&post=388"}],"version-history":[{"count":0,"href":"https:\/\/compagnons-codeurs.com\/index.php?rest_route=\/wp\/v2\/pages\/388\/revisions"}],"wp:featuredmedia":[{"embeddable":true,"href":"https:\/\/compagnons-codeurs.com\/index.php?rest_route=\/wp\/v2\/media\/564"}],"wp:attachment":[{"href":"https:\/\/compagnons-codeurs.com\/index.php?rest_route=%2Fwp%2Fv2%2Fmedia&parent=388"}],"curies":[{"name":"wp","href":"https:\/\/api.w.org\/{rel}","templated":true}]}}