{"id":387,"date":"2016-02-16T14:42:40","date_gmt":"2016-02-16T14:42:40","guid":{"rendered":"http:\/\/demo.athemes.com\/astrid\/?page_id=98"},"modified":"2019-11-15T17:00:21","modified_gmt":"2019-11-15T16:00:21","slug":"logobee","status":"publish","type":"page","link":"https:\/\/compagnons-codeurs.com\/?page_id=387","title":{"rendered":"Logobee"},"content":{"rendered":"\n<p>Nous avons d\u00e9velopp\u00e9 un syst\u00e8me d\u2019administration Web (backend) et un concepteur de logo Web pour la soci\u00e9t\u00e9 canadienne \u00ab\u00a0Logobee\u00a0\u00bb.<\/p>\n\n\n\n<div class=\"wp-block-button aligncenter\"><a class=\"wp-block-button__link\" href=\"https:\/\/www.logobee.com\/logo-maker\/draw\">Aller \u00e0 \u2026<\/a><\/div>\n","protected":false},"excerpt":{"rendered":"<p>Nous avons d\u00e9velopp\u00e9 un syst\u00e8me d\u2019administration Web (backend) et un concepteur de logo Web pour la soci\u00e9t\u00e9 canadienne \u00ab\u00a0Logobee\u00a0\u00bb.<\/p>\n","protected":false},"author":1,"featured_media":460,"parent":0,"menu_order":0,"comment_status":"closed","ping_status":"closed","template":"page-templates\/single-project.php","meta":{"_exactmetrics_skip_tracking":false,"_exactmetrics_sitenote_active":false,"_exactmetrics_sitenote_note":"","_exactmetrics_sitenote_category":0,"_monsterinsights_skip_tracking":false,"_monsterinsights_sitenote_active":false,"_monsterinsights_sitenote_note":"","_monsterinsights_sitenote_category":0,"footnotes":""},"class_list":["post-387","page","type-page","status-publish","has-post-thumbnail","hentry","clearfix"],"aioseo_notices":[],"_links":{"self":[{"href":"https:\/\/compagnons-codeurs.com\/index.php?rest_route=\/wp\/v2\/pages\/387"}],"collection":[{"href":"https:\/\/compagnons-codeurs.com\/index.php?rest_route=\/wp\/v2\/pages"}],"about":[{"href":"https:\/\/compagnons-codeurs.com\/index.php?rest_route=\/wp\/v2\/types\/page"}],"author":[{"embeddable":true,"href":"https:\/\/compagnons-codeurs.com\/index.php?rest_route=\/wp\/v2\/users\/1"}],"replies":[{"embeddable":true,"href":"https:\/\/compagnons-codeurs.com\/index.php?rest_route=%2Fwp%2Fv2%2Fcomments&post=387"}],"version-history":[{"count":0,"href":"https:\/\/compagnons-codeurs.com\/index.php?rest_route=\/wp\/v2\/pages\/387\/revisions"}],"wp:featuredmedia":[{"embeddable":true,"href":"https:\/\/compagnons-codeurs.com\/index.php?rest_route=\/wp\/v2\/media\/460"}],"wp:attachment":[{"href":"https:\/\/compagnons-codeurs.com\/index.php?rest_route=%2Fwp%2Fv2%2Fmedia&parent=387"}],"curies":[{"name":"wp","href":"https:\/\/api.w.org\/{rel}","templated":true}]}}