{"id":385,"date":"2016-02-16T14:40:18","date_gmt":"2016-02-16T14:40:18","guid":{"rendered":"http:\/\/demo.athemes.com\/astrid\/?page_id=88"},"modified":"2019-11-14T19:46:38","modified_gmt":"2019-11-14T18:46:38","slug":"service-3","status":"publish","type":"page","link":"https:\/\/compagnons-codeurs.com\/?page_id=385","title":{"rendered":"D\u00e9veloppements Access"},"content":{"rendered":"<p><span style=\"font-weight: 400;\">Nous r\u00e9alisation tout type d\u2019application Access \/ VBA, avec une ma\u00eetrise parfaite acquise sur le terrain dans des domaines aussi vari\u00e9s que la facturation, la gestion de donn\u00e9es m\u00e9tiers, la plannification, la tra\u00e7abilit\u00e9. Coupl\u00e9e avec un base de donn\u00e9es MySQL via internet, nos applications peuvent \u00e9galement fonctionner \u00e0 distance!<\/span><\/p>\n<p>Access reste une mani\u00e8re souple et efficace pour d\u00e9velopper de vrais programmes, ou de simples prototypes fonctionnels en vue d\u2019applications plus sophistiqu\u00e9es.<\/p>\n","protected":false},"excerpt":{"rendered":"<p>Nous r\u00e9alisation tout type d\u2019application Access \/ VBA, avec une ma\u00eetrise parfaite acquise sur le terrain dans des domaines aussi vari\u00e9s que la facturation, la gestion de donn\u00e9es m\u00e9tiers, la plannification, la tra\u00e7abilit\u00e9. Coupl\u00e9e avec un base de donn\u00e9es MySQL [&hellip;]<\/p>\n","protected":false},"author":1,"featured_media":527,"parent":0,"menu_order":3,"comment_status":"closed","ping_status":"closed","template":"page-templates\/single-service.php","meta":{"_exactmetrics_skip_tracking":false,"_exactmetrics_sitenote_active":false,"_exactmetrics_sitenote_note":"","_exactmetrics_sitenote_category":0,"_monsterinsights_skip_tracking":false,"_monsterinsights_sitenote_active":false,"_monsterinsights_sitenote_note":"","_monsterinsights_sitenote_category":0,"footnotes":""},"class_list":["post-385","page","type-page","status-publish","has-post-thumbnail","hentry","clearfix"],"aioseo_notices":[],"_links":{"self":[{"href":"https:\/\/compagnons-codeurs.com\/index.php?rest_route=\/wp\/v2\/pages\/385"}],"collection":[{"href":"https:\/\/compagnons-codeurs.com\/index.php?rest_route=\/wp\/v2\/pages"}],"about":[{"href":"https:\/\/compagnons-codeurs.com\/index.php?rest_route=\/wp\/v2\/types\/page"}],"author":[{"embeddable":true,"href":"https:\/\/compagnons-codeurs.com\/index.php?rest_route=\/wp\/v2\/users\/1"}],"replies":[{"embeddable":true,"href":"https:\/\/compagnons-codeurs.com\/index.php?rest_route=%2Fwp%2Fv2%2Fcomments&post=385"}],"version-history":[{"count":0,"href":"https:\/\/compagnons-codeurs.com\/index.php?rest_route=\/wp\/v2\/pages\/385\/revisions"}],"wp:featuredmedia":[{"embeddable":true,"href":"https:\/\/compagnons-codeurs.com\/index.php?rest_route=\/wp\/v2\/media\/527"}],"wp:attachment":[{"href":"https:\/\/compagnons-codeurs.com\/index.php?rest_route=%2Fwp%2Fv2%2Fmedia&parent=385"}],"curies":[{"name":"wp","href":"https:\/\/api.w.org\/{rel}","templated":true}]}}