{"id":384,"date":"2016-02-16T14:40:03","date_gmt":"2016-02-16T14:40:03","guid":{"rendered":"http:\/\/demo.athemes.com\/astrid\/?page_id=86"},"modified":"2019-11-14T19:23:43","modified_gmt":"2019-11-14T18:23:43","slug":"service-2","status":"publish","type":"page","link":"https:\/\/compagnons-codeurs.com\/?page_id=384","title":{"rendered":"D\u00e9veloppements Excel"},"content":{"rendered":"<p><span style=\"font-weight: 400;\">Depuis plus de 20 ans, nous dispensons notre expertise dans le domaine de la&nbsp;conception et du d\u00e9veloppement sous MS EXCEL. Nous r\u00e9alisons des applications sur mesure impliquant une couche de programmation VBA (Visual Basic Programmation). Notre exp\u00e9rience et notre haute technicit\u00e9 nous permet d\u2019intervenir de fa\u00e7on agile dans tous les domaines d\u2019activit\u00e9, essentiellement pour les PME, TPE et associations.<\/span><\/p>\n","protected":false},"excerpt":{"rendered":"<p>Depuis plus de 20 ans, nous dispensons notre expertise dans le domaine de la&nbsp;conception et du d\u00e9veloppement sous MS EXCEL. Nous r\u00e9alisons des applications sur mesure impliquant une couche de programmation VBA (Visual Basic Programmation). Notre exp\u00e9rience et notre haute [&hellip;]<\/p>\n","protected":false},"author":1,"featured_media":525,"parent":0,"menu_order":1,"comment_status":"closed","ping_status":"closed","template":"page-templates\/single-service.php","meta":{"_exactmetrics_skip_tracking":false,"_exactmetrics_sitenote_active":false,"_exactmetrics_sitenote_note":"","_exactmetrics_sitenote_category":0,"_monsterinsights_skip_tracking":false,"_monsterinsights_sitenote_active":false,"_monsterinsights_sitenote_note":"","_monsterinsights_sitenote_category":0,"footnotes":""},"class_list":["post-384","page","type-page","status-publish","has-post-thumbnail","hentry","clearfix"],"aioseo_notices":[],"_links":{"self":[{"href":"https:\/\/compagnons-codeurs.com\/index.php?rest_route=\/wp\/v2\/pages\/384"}],"collection":[{"href":"https:\/\/compagnons-codeurs.com\/index.php?rest_route=\/wp\/v2\/pages"}],"about":[{"href":"https:\/\/compagnons-codeurs.com\/index.php?rest_route=\/wp\/v2\/types\/page"}],"author":[{"embeddable":true,"href":"https:\/\/compagnons-codeurs.com\/index.php?rest_route=\/wp\/v2\/users\/1"}],"replies":[{"embeddable":true,"href":"https:\/\/compagnons-codeurs.com\/index.php?rest_route=%2Fwp%2Fv2%2Fcomments&post=384"}],"version-history":[{"count":0,"href":"https:\/\/compagnons-codeurs.com\/index.php?rest_route=\/wp\/v2\/pages\/384\/revisions"}],"wp:featuredmedia":[{"embeddable":true,"href":"https:\/\/compagnons-codeurs.com\/index.php?rest_route=\/wp\/v2\/media\/525"}],"wp:attachment":[{"href":"https:\/\/compagnons-codeurs.com\/index.php?rest_route=%2Fwp%2Fv2%2Fmedia&parent=384"}],"curies":[{"name":"wp","href":"https:\/\/api.w.org\/{rel}","templated":true}]}}