{"id":17,"date":"2016-05-13T22:30:40","date_gmt":"2016-05-13T20:30:40","guid":{"rendered":"http:\/\/workspace.yeti-host.com\/maquette\/?page_id=17"},"modified":"2019-11-12T17:08:31","modified_gmt":"2019-11-12T16:08:31","slug":"la-methode","status":"publish","type":"page","link":"https:\/\/compagnons-codeurs.com\/?page_id=17","title":{"rendered":"La M\u00e9thode"},"content":{"rendered":"<blockquote>\n<p style=\"text-align: justify;\">QUE NOUS PROPOSEZ VOUS EXACTEMENT ?<\/p>\n<\/blockquote>\n<p style=\"text-align: justify;\">La Companie s&rsquo;est form\u00e9e autour d&rsquo;une id\u00e9e centrale : <strong>d\u00e9mocratiser le d\u00e9veloppement d&rsquo;applications sp\u00e9cifiques aupr\u00e8s des artisans et des TPE ou petites <img decoding=\"async\" class=\"size-medium wp-image-224 alignleft\" src=\"http:\/\/compagnons-codeurs.com\/wp-content\/uploads\/2016\/05\/Fotolia_78216549_XS-300x166.jpg\" alt=\"internet\" width=\"300\" height=\"166\" srcset=\"https:\/\/compagnons-codeurs.com\/wp-content\/uploads\/2016\/05\/Fotolia_78216549_XS-300x166.jpg 300w, https:\/\/compagnons-codeurs.com\/wp-content\/uploads\/2016\/05\/Fotolia_78216549_XS.jpg 465w\" sizes=\"(max-width: 300px) 100vw, 300px\" \/>PME<\/strong>. Pour ce faire, nous souhaitons\u00a0tordre le cou aux fausses id\u00e9es sur le sujet, comme par exemple :<\/p>\n<p style=\"padding-left: 30px;\">\u21d2 Un d\u00e9veloppement sp\u00e9cifique est r\u00e9serv\u00e9 aux grosses structures qui ont des budgets cons\u00e9quents.<br \/>\n\u21d2 Un d\u00e9veloppeur est quelqu&rsquo;un de complexe, \u00e9voluant uniquement dans l&rsquo;abstrait, et imperm\u00e9able aux exigences des entreprises.<\/p>\n<p style=\"text-align: justify;\">Nous avons parcouru la France pendant des ann\u00e9es \u00e0 votre rencontre, brisant les id\u00e9es re\u00e7ues, en offrant des services pertinents, simples et peu couteux.<\/p>\n<p style=\"text-align: justify;\"><em><strong>Nous allons \u00e0 l&rsquo;essentiel, et nous apprenons de vous &#8230;\u00a0<\/strong><\/em><\/p>\n<p style=\"text-align: justify;\"><b>Nous utilisons les outils de bureautique d\u00e9j\u00e0 pr\u00e9sents chez\u00a0la plupart des clients, et nous r\u00e9alisons la jonction avec\u00a0des outils s\u00e9lectionn\u00e9s pour leur performances et leur faibles co\u00fbts.<\/b><\/p>\n<p style=\"text-align: justify;\">La plupart de nos d\u00e9veloppements sont r\u00e9alis\u00e9s sous <em><strong>Excel<\/strong><\/em> ou <em><strong>Access<\/strong><\/em>. Lorsque la n\u00e9cessit\u00e9 de cr\u00e9er une interface internet se fait sentir, nous sommes \u00e9galement en mesure de r\u00e9aliser des <em><strong>application h\u00e9berg\u00e9es<\/strong><\/em>, en mode SaaS, ou simplement des sites vitrines. Nous compl\u00e9tons notre offre par des applications mobiles.Nous assurons \u00e9galement la s\u00e9curit\u00e9 des transactions, et n&rsquo;h\u00e9sitons pas \u00e0 mettre en place pour vous tous les moyens les plus haut de gamme pour satisfaire votre niveau de confidentialit\u00e9.<\/p>\n<blockquote>\n<p style=\"text-align: justify;\"><em>COMMENT FAIRE POUR VOUS EXPLIQUER NOTRE SITUATION ?<\/em><\/p>\n<\/blockquote>\n<p style=\"text-align: justify;\">\u00a0Ca n&rsquo;a l&rsquo;air de rien, mais en fait le plus compliqu\u00e9 dans l&rsquo;histoire n&rsquo;est pas de r\u00e9aliser un programme, mais d&rsquo;\u00e9tablir une vraie relation avec vous &#8230;<\/p>\n<p style=\"text-align: justify;\">En effet, en tant qu&rsquo;artisans ou entrepreneur, <strong>votre temps est compt\u00e9,<\/strong> et vous n&rsquo;avez pas le temps la plupart du temps de concevoir un cahier des charges d\u00e9taill\u00e9. De plus vous souhaitez avoir en face un prestataire <strong>qui s&rsquo;implique dans votre activit\u00e9<\/strong>\u00a0et n&rsquo;est pas seulement \u00ab\u00a0vendeur de logiciels\u00a0\u00bb. <strong><span style=\"color: #0000ff;\">Nous sommes avant tout des passionn\u00e9s du monde des TPE. \u00e7a peut compter aussi !<\/span><\/strong><\/p>\n<p style=\"text-align: justify;\">La Compagnie d\u00e9cide donc de prendre le taureau par les cornes, et s&rsquo;organise autour de plusieurs\u00a0phases :<img fetchpriority=\"high\" decoding=\"async\" class=\"size-medium wp-image-125 alignright\" src=\"http:\/\/compagnons-codeurs.com\/wp-content\/uploads\/2016\/05\/39379278-Ordinateur-portable-sur-une-table-de-travail-avec-des-outils-de-bricolage-et-de-construction-tout-au-Banque-dimages-300x200.jpg\" alt=\"39379278-Ordinateur-portable-sur-une-table-de-travail-avec-des-outils-de-bricolage-et-de-construction-tout-au-Banque-d'images\" width=\"300\" height=\"200\" srcset=\"https:\/\/compagnons-codeurs.com\/wp-content\/uploads\/2016\/05\/39379278-Ordinateur-portable-sur-une-table-de-travail-avec-des-outils-de-bricolage-et-de-construction-tout-au-Banque-dimages-300x200.jpg 300w, https:\/\/compagnons-codeurs.com\/wp-content\/uploads\/2016\/05\/39379278-Ordinateur-portable-sur-une-table-de-travail-avec-des-outils-de-bricolage-et-de-construction-tout-au-Banque-dimages-768x512.jpg 768w, https:\/\/compagnons-codeurs.com\/wp-content\/uploads\/2016\/05\/39379278-Ordinateur-portable-sur-une-table-de-travail-avec-des-outils-de-bricolage-et-de-construction-tout-au-Banque-dimages-1024x683.jpg 1024w, https:\/\/compagnons-codeurs.com\/wp-content\/uploads\/2016\/05\/39379278-Ordinateur-portable-sur-une-table-de-travail-avec-des-outils-de-bricolage-et-de-construction-tout-au-Banque-dimages.jpg 1300w\" sizes=\"(max-width: 300px) 100vw, 300px\" \/><\/p>\n<p style=\"padding-left: 30px;\">\u21d2 Une prise de contact t\u00e9l\u00e9phonique, avec le cas \u00e9ch\u00e9ant des d\u00e9monstrations \u00e0 distance de vos besoins.<br \/>\n\u21d2 Des \u00e9changes par mails ou t\u00e9l\u00e9phone, jusqu&rsquo;\u00e0 ce que nous comprenions bien l&rsquo;essentiel de votre demande.<br \/>\n<em>\u21d2 Nous pouvons m\u00eame si besoin est faire une petite prestation de test, pour vous aider \u00e0 comprendre notre plus-value.<br \/>\n<\/em>\u21d2 Nous vous livrons alors une estimation du co\u00fbt, des d\u00e9lais.<br \/>\n<em><strong>\u21d2 Nous n&rsquo;h\u00e9sitons pas \u00e0 vous rencontrer, au coeur de votre r\u00e9gion, quelque soit votre lieu d&rsquo;activit\u00e9<\/strong><\/em>. Nous nous impr\u00e9gnons alors de tous les d\u00e9tails, m\u00e9tiers, humains, et bien entendu techniques.<br \/>\n\u21d2 Nous signons (ou non) un contrat.<\/p>\n<blockquote><p>QUELS SONT VOS METHODES DE\u00a0TARIFICATION<\/p><\/blockquote>\n<p style=\"text-align: justify;\">L\u00e0 aussi nous d\u00e9marquons de nos concurrents. Nous connaissons les enjeux d&rsquo;un investissement logiciel, et nous savons combien les TPE ont beaucoup de mal \u00e0 int\u00e9grer les ERP (gros syst\u00e8mes). Nous vous proposons suivant votre configuration plusieurs mani\u00e8res d&rsquo;aborder vos besoins :<\/p>\n<p style=\"text-align: justify;\"><span style=\"color: #0000ff;\"><strong>\u21d2 Au forfait :<\/strong><\/span> nous \u00e9tablissons ensemble un cahier des charges sur lequel nous nous engageons contractuellement. Ce mode de fonctionnement est pr\u00e9f\u00e9rable si le client a pu \u00e9tablir clairement sa demande, et si le prestataire a saisi dans les d\u00e9tails les enjeux du d\u00e9veloppement.<\/p>\n<p style=\"text-align: justify;\"><strong><span style=\"color: #0000ff;\">\u21d2 Carnet d&rsquo;intervention :<\/span><\/strong>\u00a0si le client ne souhaite pas s&rsquo;investir dans la d\u00e9finition pr\u00e9cise de son besoin, ou s&rsquo;il a besoin de plusieurs interventions sur le moyen-long terme, le carnet d&rsquo;intervention pr\u00e9pay\u00e9 permet de faire appel \u00e0 nos prestations et\/ou notre pr\u00e9sence sur site sans perdre de temps. Les carnets d&rsquo;interventions ont un\u00a0co\u00fbt horaire d\u00e9gressif suivant la quantit\u00e9 d&rsquo;heures achet\u00e9e. Le bonus : <em><strong>une premi\u00e8re prestation de test peut vous rassurer sur notre \u00ab\u00a0rapport qualit\u00e9\/prix\u00a0\u00bb.<\/strong><\/em> Toutes nos prestations sont d\u00e9crites et consultables en ligne, avec le temps d\u00e9compt\u00e9.<\/p>\n<p style=\"text-align: justify;\"><strong><span style=\"color: #0000ff;\">\u21d2 Pr\u00e9sence horaire :<\/span><\/strong> dans ce cas, le travail est r\u00e9gl\u00e9 simplement sur une base horaire, avec les m\u00eames moyens de suivi que le carnet d&rsquo;intervention. La diff\u00e9rence r\u00e9side dans le fait que les prestations sont r\u00e9gl\u00e9es \u00e0 chaque fin de mois. Le tarif horaire est unique et invariable.<\/p>\n<p style=\"text-align: justify;\"><strong><span style=\"color: #0000ff;\">\u21d2 Forfait mutualis\u00e9 :<\/span><\/strong>\u00a0vous n&rsquo;\u00eates peut-\u00eatre pas les seuls \u00e0 avoir ce besoin, nous pouvons donc concevoir un accord dans lequel nous diffusons\u00a0ensemble ce produit; vous b\u00e9n\u00e9ficierez alors\u00a0de la possibilit\u00e9 de vous rembourser tout ou partie du d\u00e9veloppement par le produit des reventes potentielles. De plus, <strong>nous\u00a0vous proposerons alors un r\u00e8glement \u00e9tal\u00e9 sur une p\u00e9riode de plusieurs mois<\/strong>, pour vous donner le temps de rentabiliser le produit en le diffusant.<\/p>\n<p style=\"text-align: justify;\"><strong><span style=\"color: #0000ff;\">\u21d2 Prototypage :<\/span><\/strong>\u00a0si nous estimons que votre projet poss\u00e8de un int\u00e9r\u00eat certain, que nous pourrions\u00a0par la suite le reprendre \u00e0 notre compte pour le diffuser par nos propres moyens, nous pouvons spontan\u00e9ment vous proposer cette formule. Votre engagement n&rsquo;est dans ce cas qu&rsquo;un engagement en temps, et en r\u00e9flexion. Vous \u00eates tenu d&rsquo;investir vos connaissances et votre exp\u00e9rience au b\u00e9n\u00e9fice du projet, et au final, le produit obtenu nous appartient. <strong>Vous b\u00e9n\u00e9ficiez quant \u00e0 vous gratuitement du d\u00e9veloppement.<\/strong><\/p>\n<p style=\"text-align: justify;\">Seules certaines prestations peuvent faire l&rsquo;objet naturellement d&rsquo;abonnements, comme :<\/p>\n<p style=\"padding-left: 30px; text-align: justify;\">\u21d2 H\u00e9bergements de site Web \/ applications h\u00e9berg\u00e9es<br \/>\n\u21d2 H\u00e9bergements de base de donn\u00e9es s\u00e9curis\u00e9es<br \/>\n\u21d2 H\u00e9bergement de mails<\/p>\n<p>Pour conna\u00eetre nos tarifs, nous vous encourageons \u00e0 prendre <a href=\"http:\/\/compagnons-codeurs.com\/contactez-nous\/\">contact <\/a>avec la Compagnie, et c&rsquo;est avec plaisir que nous vous renseignerons.<\/p>\n","protected":false},"excerpt":{"rendered":"<p>QUE NOUS PROPOSEZ VOUS EXACTEMENT ? La Companie s&rsquo;est form\u00e9e autour d&rsquo;une id\u00e9e centrale : d\u00e9mocratiser le d\u00e9veloppement d&rsquo;applications sp\u00e9cifiques aupr\u00e8s des artisans et des TPE ou petites PME. Pour ce faire, nous souhaitons\u00a0tordre le cou aux fausses id\u00e9es sur [&hellip;]<\/p>\n","protected":false},"author":1,"featured_media":0,"parent":0,"menu_order":0,"comment_status":"closed","ping_status":"closed","template":"","meta":{"_exactmetrics_skip_tracking":false,"_exactmetrics_sitenote_active":false,"_exactmetrics_sitenote_note":"","_exactmetrics_sitenote_category":0,"_monsterinsights_skip_tracking":false,"_monsterinsights_sitenote_active":false,"_monsterinsights_sitenote_note":"","_monsterinsights_sitenote_category":0,"footnotes":""},"class_list":["post-17","page","type-page","status-publish","hentry","clearfix"],"aioseo_notices":[],"_links":{"self":[{"href":"https:\/\/compagnons-codeurs.com\/index.php?rest_route=\/wp\/v2\/pages\/17"}],"collection":[{"href":"https:\/\/compagnons-codeurs.com\/index.php?rest_route=\/wp\/v2\/pages"}],"about":[{"href":"https:\/\/compagnons-codeurs.com\/index.php?rest_route=\/wp\/v2\/types\/page"}],"author":[{"embeddable":true,"href":"https:\/\/compagnons-codeurs.com\/index.php?rest_route=\/wp\/v2\/users\/1"}],"replies":[{"embeddable":true,"href":"https:\/\/compagnons-codeurs.com\/index.php?rest_route=%2Fwp%2Fv2%2Fcomments&post=17"}],"version-history":[{"count":0,"href":"https:\/\/compagnons-codeurs.com\/index.php?rest_route=\/wp\/v2\/pages\/17\/revisions"}],"wp:attachment":[{"href":"https:\/\/compagnons-codeurs.com\/index.php?rest_route=%2Fwp%2Fv2%2Fmedia&parent=17"}],"curies":[{"name":"wp","href":"https:\/\/api.w.org\/{rel}","templated":true}]}}